{"id":314,"date":"2017-06-17T13:00:33","date_gmt":"2017-06-17T16:00:33","guid":{"rendered":"http:\/\/interpresstelecom.com.br\/NewSiteIPT\/?page_id=314"},"modified":"2023-02-19T13:31:19","modified_gmt":"2023-02-19T16:31:19","slug":"locacao","status":"publish","type":"page","link":"https:\/\/www.interpresstelecom.com.br\/?page_id=314","title":{"rendered":""},"content":{"rendered":"<div class=\"fcbk_share\"><\/div><h3>\u00a0<strong>Diferenciais na Loca\u00e7\u00e3o de Equipamentos na IP SEG Telecom&#8230;<\/strong><\/h3>\n<p style=\"text-align: justify;\">\u00a0\u00a0\u00a0\u00a0\u00a0 Se voc\u00ea precisa alugar equipamentos de Seguran\u00e7a Eletr\u00f4nica,\u00a0de Alarme, de Telefonia como Centrais Telef\u00f4nicas ou Centrais de Condom\u00ednio, est\u00e1 no local certo,\u00a0pois somos uma empresa especializada em loca\u00e7\u00f5es corporativas de todos os portes. O aluguel de equipamentos\u00a0realizado pela <strong>IP SEG Telecom<\/strong>\u00a0\u00e9 feito de forma que atenda\u00a0as suas necessidades e desejos.<\/p>\n<h4 style=\"text-align: justify;\">As Vantagens:<img decoding=\"async\" loading=\"lazy\" class=\"alignright wp-image-625 size-full\" src=\"http:\/\/www.interpresstelecom.com.br\/wp-content\/uploads\/2014\/08\/loca\u00e7\u00e3o-de-4-c\u00e2meras.png\" alt=\"loca\u00e7\u00e3o de 4 c\u00e2meras\" width=\"342\" height=\"42\" srcset=\"https:\/\/www.interpresstelecom.com.br\/wp-content\/uploads\/2014\/08\/loca\u00e7\u00e3o-de-4-c\u00e2meras.png 342w, https:\/\/www.interpresstelecom.com.br\/wp-content\/uploads\/2014\/08\/loca\u00e7\u00e3o-de-4-c\u00e2meras-300x36.png 300w\" sizes=\"(max-width: 342px) 100vw, 342px\" \/><\/h4>\n<p style=\"text-align: left;\"><strong>a)<\/strong> Sem custo de Manuten\u00e7\u00e3o, Preventiva\u00a0e Corretiva;<\/p>\n<p style=\"text-align: left;\"><strong>b)<\/strong> Sem custo de Visitas T\u00e9nicas;<img decoding=\"async\" loading=\"lazy\" class=\"wp-image-626 size-full alignright\" src=\"http:\/\/www.interpresstelecom.com.br\/wp-content\/uploads\/2014\/08\/loca\u00e7\u00e3o-de-8-c\u00e2meras.png\" alt=\"loca\u00e7\u00e3o de 8 c\u00e2meras\" width=\"342\" height=\"42\" srcset=\"https:\/\/www.interpresstelecom.com.br\/wp-content\/uploads\/2014\/08\/loca\u00e7\u00e3o-de-8-c\u00e2meras.png 342w, https:\/\/www.interpresstelecom.com.br\/wp-content\/uploads\/2014\/08\/loca\u00e7\u00e3o-de-8-c\u00e2meras-300x36.png 300w\" sizes=\"(max-width: 342px) 100vw, 342px\" \/><\/p>\n<p style=\"text-align: left;\"><strong>c)<\/strong> Atualiza\u00e7\u00e3o do Sistema a cada 24 meses;<\/p>\n<p style=\"text-align: left;\"><strong>d)<\/strong> Material totalmente novo;<img decoding=\"async\" loading=\"lazy\" class=\"alignright wp-image-627 size-full\" src=\"http:\/\/www.interpresstelecom.com.br\/wp-content\/uploads\/2014\/08\/loca\u00e7\u00e3o-de-16-c\u00e2meras.png\" alt=\"loca\u00e7\u00e3o de 16 c\u00e2meras\" width=\"342\" height=\"42\" srcset=\"https:\/\/www.interpresstelecom.com.br\/wp-content\/uploads\/2014\/08\/loca\u00e7\u00e3o-de-16-c\u00e2meras.png 342w, https:\/\/www.interpresstelecom.com.br\/wp-content\/uploads\/2014\/08\/loca\u00e7\u00e3o-de-16-c\u00e2meras-300x36.png 300w\" sizes=\"(max-width: 342px) 100vw, 342px\" \/><\/p>\n<p style=\"text-align: left;\"><strong>e)<\/strong> Treinamento de uso do equipamento;<\/p>\n<p style=\"text-align: left;\"><strong>f)<\/strong> Dom\u00ednio e Hospedagem das imagens de Seguran\u00e7a e\u00a0Alarme na internet 24h;<img decoding=\"async\" loading=\"lazy\" class=\"alignright wp-image-628 size-full\" src=\"http:\/\/www.interpresstelecom.com.br\/wp-content\/uploads\/2014\/08\/loca\u00e7\u00e3o-de-32-c\u00e2meras.png\" alt=\"loca\u00e7\u00e3o de 32 c\u00e2meras\" width=\"342\" height=\"42\" srcset=\"https:\/\/www.interpresstelecom.com.br\/wp-content\/uploads\/2014\/08\/loca\u00e7\u00e3o-de-32-c\u00e2meras.png 342w, https:\/\/www.interpresstelecom.com.br\/wp-content\/uploads\/2014\/08\/loca\u00e7\u00e3o-de-32-c\u00e2meras-300x36.png 300w\" sizes=\"(max-width: 342px) 100vw, 342px\" \/><\/p>\n<p style=\"text-align: left;\"><strong>g)<\/strong> Monitotamento 24h das C\u00e2meras e Alarme;<\/p>\n<p style=\"text-align: left;\">\u00a0\u00a0\u00a0\u00a0 \u00a0Com um estoque sempre abastecido, a <strong>INTERPRESS<\/strong> oferece produtos para o loca\u00e7\u00e3o de v\u00e1rias marcas e modelos, disponibilizamos nossos produtos\u00a0para\u00a0loca\u00e7\u00e3o que ficam dispon\u00edveis para pronta entrega em todo o Rio e Grande Rio. Todos os produtos atendem a um rigoroso processo de qualidade para ficarem\u00a0a\u00a0sua disposi\u00e7\u00e3o.<\/p>\n<p style=\"text-align: justify;\">\u00a0\u00a0\u00a0\u00a0\u00a0\u00a0Com o aluguel dos equipamentos oferecidos, \u00e9 poss\u00edvel ter uma \u00f3tima organiza\u00e7\u00e3o de custos e estrutura\u00e7\u00e3o de sua Empresa ou\u00a0Condom\u00ednio. O comprometimento da\u00a0<strong>INTERPRESS<\/strong>\u00a0para cumprir os prazos estipulados na entrega, na instala\u00e7\u00e3o e o \u00f3timo atendimento de seus profissionais, lhe proporciona\u00a0uma \u00f3tima experi\u00eancia.<\/p>\n<p style=\"text-align: justify;\">\u00a0\u00a0\u00a0\u00a0\u00a0 Pelo fato de possuirmos uma frota de ve\u00edculos pr\u00f3prio, oferecemos uma log\u00edstica impec\u00e1vel, al\u00e9m de agilidade e o melhor custo-benef\u00edcio em seu servi\u00e7o de Loca\u00e7\u00e3o. O Contrato de Loca\u00e7\u00e3o pode ser readequado em casos de redimensionamento de estrutura ou redu\u00e7\u00e3o de verbas.<\/p>\n<p style=\"text-align: justify;\"><strong>Observa\u00e7\u00e3o: <\/strong>Para que os equipamentos de Seguran\u00e7a (C\u00e2meras e Alarme) funcionem corretamente pela internet com nosso monitoramento por 24h, ser\u00e3o necess\u00e1rios: Uma assinatura de internet banda larga de <strong>5 Megabytes<\/strong> ou superior, um IP fixo e um roteador, sendo tudo de total responsabilidade do cliente. As visualiza\u00e7\u00f5es das imagens de Seguran\u00e7a e do monitoramento da Central de Alarme ser\u00e3o distribu\u00eddas pela rede local dando a <strong>IP SEG Telecom<\/strong>\u00a0(Contratada) e Administrador (Contratante)\u00a0total acesso as Imagens, Backup e Alarme atrav\u00e9s de senhas restritas.<\/p>\n<p style=\"text-align: justify;\">**N\u00e3o incluso servi\u00e7o de estrutura de rede e alvenaria, tais servi\u00e7os correr\u00e3o por conta do cliente mediante a aprova\u00e7\u00e3o do projeto.<\/p>\n<p style=\"text-align: center;\"><span style=\"color: #333333;\">(<a title=\"CONTATO\" href=\"http:\/\/interpresstelecom.com.br\/?page_id=19\"><span style=\"text-decoration: underline;\">Entre em contato conosco e pe\u00e7a j\u00e1 o seu Contrato de Loca\u00e7\u00e3o<\/span><\/a>)<\/span><\/p>\n","protected":false},"excerpt":{"rendered":"<p>\u00a0Diferenciais na Loca\u00e7\u00e3o de Equipamentos na IP SEG Telecom&#8230; \u00a0\u00a0\u00a0\u00a0\u00a0 Se voc\u00ea precisa alugar equipamentos de Seguran\u00e7a Eletr\u00f4nica,\u00a0de Alarme, de Telefonia como Centrais Telef\u00f4nicas ou Centrais de Condom\u00ednio, est\u00e1 no local certo,\u00a0pois somos uma empresa especializada em loca\u00e7\u00f5es corporativas de todos os portes. O aluguel de equipamentos\u00a0realizado pela IP SEG Telecom\u00a0\u00e9 feito de forma que [&hellip;]<\/p>\n","protected":false},"author":1,"featured_media":0,"parent":0,"menu_order":3,"comment_status":"closed","ping_status":"closed","template":"","meta":[],"_links":{"self":[{"href":"https:\/\/www.interpresstelecom.com.br\/index.php?rest_route=\/wp\/v2\/pages\/314"}],"collection":[{"href":"https:\/\/www.interpresstelecom.com.br\/index.php?rest_route=\/wp\/v2\/pages"}],"about":[{"href":"https:\/\/www.interpresstelecom.com.br\/index.php?rest_route=\/wp\/v2\/types\/page"}],"author":[{"embeddable":true,"href":"https:\/\/www.interpresstelecom.com.br\/index.php?rest_route=\/wp\/v2\/users\/1"}],"replies":[{"embeddable":true,"href":"https:\/\/www.interpresstelecom.com.br\/index.php?rest_route=%2Fwp%2Fv2%2Fcomments&post=314"}],"version-history":[{"count":44,"href":"https:\/\/www.interpresstelecom.com.br\/index.php?rest_route=\/wp\/v2\/pages\/314\/revisions"}],"predecessor-version":[{"id":987,"href":"https:\/\/www.interpresstelecom.com.br\/index.php?rest_route=\/wp\/v2\/pages\/314\/revisions\/987"}],"wp:attachment":[{"href":"https:\/\/www.interpresstelecom.com.br\/index.php?rest_route=%2Fwp%2Fv2%2Fmedia&parent=314"}],"curies":[{"name":"wp","href":"https:\/\/api.w.org\/{rel}","templated":true}]}}