{"id":2,"date":"2017-06-01T13:00:26","date_gmt":"2017-06-01T16:00:26","guid":{"rendered":"http:\/\/interpresstelecom.com.br\/NewSiteIPT\/?page_id=2"},"modified":"2023-02-19T13:30:09","modified_gmt":"2023-02-19T16:30:09","slug":"a-interpress","status":"publish","type":"page","link":"https:\/\/www.interpresstelecom.com.br\/?page_id=2","title":{"rendered":""},"content":{"rendered":"<div class=\"fcbk_share\"><\/div><p style=\"text-align: justify;\"><span style=\"color: #828282;\"><img decoding=\"async\" loading=\"lazy\" class=\"wp-image-863 alignleft\" src=\"http:\/\/www.interpresstelecom.com.br\/wp-content\/uploads\/2014\/07\/New-Camisa-IPT-frente.png\" alt=\"New Camisa IPT frente\" width=\"371\" height=\"627\" srcset=\"https:\/\/www.interpresstelecom.com.br\/wp-content\/uploads\/2014\/07\/New-Camisa-IPT-frente.png 562w, https:\/\/www.interpresstelecom.com.br\/wp-content\/uploads\/2014\/07\/New-Camisa-IPT-frente-178x300.png 178w\" sizes=\"(max-width: 371px) 100vw, 371px\" \/> \u00a0\u00a0<\/span><span style=\"color: #333333;\"> A <strong>IP SEG Telecom<\/strong>\u00a0\u00e9 uma empresa 100% brasileira que atua na \u00e1rea de <strong>Seguran\u00e7a Eletr\u00f4nica, <\/strong><strong>Telefonia,\u00a0 inform\u00e1tica e Energia Solar<\/strong><strong>, <\/strong>com\u00a0Instala\u00e7\u00e3o, Manuten\u00e7\u00e3o e Consertos de Centrais Telef\u00f4nicas, Centrais de Condom\u00ednio (interfone coletivo),\u00a0C\u00e2meras, Alarme, Cerca El\u00e9trica, Controle de Acesso,\u00a0 Automatiza\u00e7\u00e3o de Portas e Port\u00f5es,\u00a0Antena Coletiva, Inform\u00e1tica, Redes cabeadas e Wi-Fi, Cria\u00e7\u00e3o de WebSites, Automa\u00e7\u00e3o Comercial e Placas Fotovoltaicas. Atuamos tamb\u00e9m\u00a0na \u00e1rea de\u00a0Monitoramento\u00a024 horas\u00a0por C\u00e2meras e\u00a0Alarmes. <\/span><\/p>\n<p style=\"text-align: justify;\"><span style=\"color: #333333;\">\u00a0\u00a0\u00a0\u00a0\u00a0\u00a0No mundo globalizado que temos hoje e com a evolu\u00e7\u00e3o tecnol\u00f3gica mais acess\u00edvel, sua seguran\u00e7a pessoal\u00a0e de sua fam\u00edlia,\u00a0de sua empresa e seus patrim\u00f4nios,\u00a0ingressaram de forma irrevers\u00edvel em uma escalada ascendente sem precedentes. Essa seguran\u00e7a n\u00e3o deve ser encarada com a simplicidade que muitos tratam, pois essa seguran\u00e7a \u00e9 extremamente extensa, complexa e espec\u00edfica, onde se consegue maximizar os n\u00edveis de prote\u00e7\u00e3o conciliando efici\u00eancia e custo compat\u00edvel. <\/span><\/p>\n<p style=\"text-align: justify;\"><span style=\"color: #333333;\">\u00a0\u00a0\u00a0\u00a0\u00a0\u00a0A quest\u00e3o b\u00e1sica passa ser ent\u00e3o,\u00a0como fazer para empregar essa seguran\u00e7a\u00a0de forma harm\u00f4nica em sua empresa, em seu condom\u00ednio ou\u00a0em sua resid\u00eancia e como adquirir os melhores equipamentos e sistemas para alcan\u00e7ar os mais elevados n\u00edveis qualitativos. A pessoa\u00a0f\u00edsica ou jur\u00eddica,\u00a0em sua grande\u00a0maioria\u00a0n\u00e3o sabe avaliar um bom projeto\u00a0em <strong>Seguran\u00e7a Eletr\u00f4nica, Telefonia, Inform\u00e1tica e Energia Solar<\/strong>, n\u00e3o por falta de\u00a0compet\u00eancia ou experi\u00eancia, mas sim por n\u00e3o terem informa\u00e7\u00f5es\u00a0suficientes sobre o que ir\u00e3o comprar ou contratar mediante a suas necessidades. Em decorr\u00eancia desta falta de conhecimento, a maioria acaba optando pelo pior quesito seletivo: &#8220;O custo baixo, com t\u00e9cnicos aut\u00f4nomos\u00a0e com p\u00e9ssimas instala\u00e7\u00f5es, com equipamentos sem garantia\u00a0e sem\u00a0proced\u00eancia&#8221;.<\/span><\/p>\n<p style=\"text-align: justify;\"><span style=\"color: #333333;\">\u00a0\u00a0\u00a0\u00a0\u00a0 Na escolha certa de um parceiro\u00a0que estar\u00e1 tratando de sua seguran\u00e7a, deve-se levar em considera\u00e7\u00e3o\u00a0de que seus servi\u00e7os ser\u00e3o compat\u00edveis com os n\u00edveis de seguran\u00e7a que estamos buscando e, sobretudo, com os equipamentos e\u00a0sistemas que estaremos empregando. Se sua tradi\u00e7\u00e3o avaliza suas condutas profissionais, por fim, saber\u00e1 se o valor de seus servi\u00e7os estar\u00e1 com pre\u00e7os justos.<\/span><\/p>\n<hr \/>\n<p style=\"text-align: center;\"><span style=\"color: #333333;\">\u00a0<\/span><\/p>\n<p style=\"text-align: center;\"><span style=\"color: #333333;\">Conhecer e entender as necessidades dos nossos clientes e consumidores \u00e9 um dos motivos que faz a <strong>IP SEG Telecom<\/strong>\u00a0ser l\u00edder em v\u00e1rios segmentos nos quais atua.<\/span><\/p>\n<p style=\"text-align: justify;\"><span style=\"color: #333333;\">\u00a0\u00a0\u00a0\u00a0 \u00a0Fundada em 1998 e localizada no Rio de Janeiro, a <strong>IP SEG Telecom<\/strong>\u00a0\u00e9 uma empresa brasileira com orgulho, com objetivo de atender as necessidades de nossos clientes diretos e indiretos, as empresas de grande e pequeno porte, a condom\u00ednios e resid\u00eancias garantindo um atendimento de qualidade atrav\u00e9s de profissionais capacitados e treinados para proporcionar vers atilidade e rapidez em seus servi\u00e7os de manuten\u00e7\u00e3o e assist\u00eancia t\u00e9cnica. <\/span><\/p>\n<p style=\"text-align: justify;\"><span style=\"color: #333333;\">\u00a0\u00a0\u00a0\u00a0\u00a0 A<strong> IP SEG Telecom<\/strong>\u00a0Trabalha com uma tecnologia atualizada anualmente em todo seguimento de <strong>Seguran\u00e7a Eletr\u00f4nica, Telefonia, Inform\u00e1tica e Energia Solar<\/strong> que alcan\u00e7am mais de 15 pa\u00edses e, tudo isso\u00a0dispon\u00edvel para melhor atend\u00ea-los.<\/span><\/p>\n<p style=\"text-align: justify;\">\u00a0\u00a0\u00a0\u00a0\u00a0 Um Obrigado\u00a0Especial\u00a0\u00e0\u00a0todos os nossos clientes e fornecedores que\u00a0est\u00e3o a anos em parceria conosco em todos seguimentos em que atuamos, obrigado tamb\u00e9m aos que est\u00e3o chegando agora, nosso sucesso foi e continuar\u00e1 sendo criado juntamente\u00a0\u00e0 todos, o sucesso tamb\u00e9m \u00e9 seu respectivamente, Parab\u00e9ns&#8230;!<\/p>\n<p style=\"text-align: justify;\"><span style=\"color: #333333;\">Texto e Edi\u00e7\u00e3o: <strong>Alex Leal<\/strong><\/span><\/p>\n<p>&nbsp;<\/p>\n<p>&nbsp;<\/p>\n","protected":false},"excerpt":{"rendered":"<p>\u00a0\u00a0 A IP SEG Telecom\u00a0\u00e9 uma empresa 100% brasileira que atua na \u00e1rea de Seguran\u00e7a Eletr\u00f4nica, Telefonia,\u00a0 inform\u00e1tica e Energia Solar, com\u00a0Instala\u00e7\u00e3o, Manuten\u00e7\u00e3o e Consertos de Centrais Telef\u00f4nicas, Centrais de Condom\u00ednio (interfone coletivo),\u00a0C\u00e2meras, Alarme, Cerca El\u00e9trica, Controle de Acesso,\u00a0 Automatiza\u00e7\u00e3o de Portas e Port\u00f5es,\u00a0Antena Coletiva, Inform\u00e1tica, Redes cabeadas e Wi-Fi, Cria\u00e7\u00e3o de WebSites, Automa\u00e7\u00e3o Comercial [&hellip;]<\/p>\n","protected":false},"author":1,"featured_media":0,"parent":0,"menu_order":1,"comment_status":"closed","ping_status":"closed","template":"","meta":[],"_links":{"self":[{"href":"https:\/\/www.interpresstelecom.com.br\/index.php?rest_route=\/wp\/v2\/pages\/2"}],"collection":[{"href":"https:\/\/www.interpresstelecom.com.br\/index.php?rest_route=\/wp\/v2\/pages"}],"about":[{"href":"https:\/\/www.interpresstelecom.com.br\/index.php?rest_route=\/wp\/v2\/types\/page"}],"author":[{"embeddable":true,"href":"https:\/\/www.interpresstelecom.com.br\/index.php?rest_route=\/wp\/v2\/users\/1"}],"replies":[{"embeddable":true,"href":"https:\/\/www.interpresstelecom.com.br\/index.php?rest_route=%2Fwp%2Fv2%2Fcomments&post=2"}],"version-history":[{"count":72,"href":"https:\/\/www.interpresstelecom.com.br\/index.php?rest_route=\/wp\/v2\/pages\/2\/revisions"}],"predecessor-version":[{"id":986,"href":"https:\/\/www.interpresstelecom.com.br\/index.php?rest_route=\/wp\/v2\/pages\/2\/revisions\/986"}],"wp:attachment":[{"href":"https:\/\/www.interpresstelecom.com.br\/index.php?rest_route=%2Fwp%2Fv2%2Fmedia&parent=2"}],"curies":[{"name":"wp","href":"https:\/\/api.w.org\/{rel}","templated":true}]}}