{"id":19,"date":"2017-06-01T13:00:52","date_gmt":"2017-06-01T16:00:52","guid":{"rendered":"http:\/\/interpresstelecom.com.br\/NewSiteIPT\/?page_id=19"},"modified":"2023-02-19T13:45:43","modified_gmt":"2023-02-19T16:45:43","slug":"contato","status":"publish","type":"page","link":"https:\/\/www.interpresstelecom.com.br\/?page_id=19","title":{"rendered":""},"content":{"rendered":"<div class=\"fcbk_share\"><\/div><h3 style=\"text-align: left;\"><span style=\"color: #333333;\"><strong>Precisa falar com a gente?<\/strong><\/span><\/h3>\n<p><img decoding=\"async\" loading=\"lazy\" class=\"wp-image-988 size-full alignright\" src=\"https:\/\/www.interpresstelecom.com.br\/wp-content\/uploads\/2023\/02\/Atendimento-02.jpg\" alt=\"\" width=\"320\" height=\"567\" srcset=\"https:\/\/www.interpresstelecom.com.br\/wp-content\/uploads\/2023\/02\/Atendimento-02.jpg 320w, https:\/\/www.interpresstelecom.com.br\/wp-content\/uploads\/2023\/02\/Atendimento-02-169x300.jpg 169w\" sizes=\"(max-width: 320px) 100vw, 320px\" \/><\/p>\n<p>&nbsp;<\/p>\n<p style=\"text-align: left;\"><span style=\"color: #333333;\">Aqui \u00e9 o lugar certo para enviar\u00a0sugest\u00f5es, solucionar d\u00favidas e obter informa\u00e7\u00f5es sobre nos<\/span><span style=\"color: #333333;\">sos produtos e servi\u00e7os.<\/span><\/p>\n<p style=\"text-align: left;\"><span style=\"color: #333333;\">Veja nossos produtos e pe\u00e7a j\u00e1 o seu Or\u00e7amento,\u00a0m<span style=\"color: #333333;\">arque uma visita\u00a0t\u00e9cnica gratuita com<\/span><\/span><span style=\"color: #333333;\"><span style=\"color: #333333;\">\u00a0dia e hora marcada que enviaremos\u00a0um t\u00e9cnico especializado at\u00e9 voc\u00ea, na sua empresa, condom\u00ednio\u00a0ou resid\u00eancia para avaliar\u00a0o melhor equipamento e montar um projeto s\u00f3 seu. Mas se voc\u00ea j\u00e1 tem um equipamento instalado, pe\u00e7a <\/span>seu\u00a0Contrato de Manuten\u00e7\u00e3o agora mesmo, preenchendo o formul\u00e1rio abaixo que responderemos<\/span><span style=\"color: #333333;\">\u00a0seu e-mail em breve. <\/span><\/p>\n<p style=\"text-align: left;\">Para maiores Informa\u00e7\u00f5es, favor entrar em contato com nosso<strong> SAC<\/strong>.<\/p>\n<p>&nbsp;<\/p>\n<p style=\"text-align: left;\"><span style=\"color: #333333;\"><div role=\"form\" class=\"wpcf7\" id=\"wpcf7-f138-o1\" lang=\"pt-BR\" dir=\"ltr\">\n<div class=\"screen-reader-response\"><\/div>\n<form action=\"\/index.php?rest_route=%2Fwp%2Fv2%2Fpages%2F19#wpcf7-f138-o1\" method=\"post\" class=\"wpcf7-form\" novalidate=\"novalidate\">\n<div style=\"display: none;\">\n<input type=\"hidden\" name=\"_wpcf7\" value=\"138\" \/>\n<input type=\"hidden\" name=\"_wpcf7_version\" value=\"4.9.2\" \/>\n<input type=\"hidden\" name=\"_wpcf7_locale\" value=\"pt_BR\" \/>\n<input type=\"hidden\" name=\"_wpcf7_unit_tag\" value=\"wpcf7-f138-o1\" \/>\n<input type=\"hidden\" name=\"_wpcf7_container_post\" value=\"0\" \/>\n<\/div>\n<p>Nome (*obrigat\u00f3rio)<br \/>\n    <span class=\"wpcf7-form-control-wrap your-name\"><input type=\"text\" name=\"your-name\" value=\"\" size=\"40\" class=\"wpcf7-form-control wpcf7-text wpcf7-validates-as-required\" aria-required=\"true\" aria-invalid=\"false\" \/><\/span> <\/p>\n<p>e-mail (*obrigat\u00f3rio)<br \/>\n    <span class=\"wpcf7-form-control-wrap your-email\"><input type=\"email\" name=\"your-email\" value=\"\" size=\"40\" class=\"wpcf7-form-control wpcf7-text wpcf7-email wpcf7-validates-as-required wpcf7-validates-as-email\" aria-required=\"true\" aria-invalid=\"false\" \/><\/span> <\/p>\n<p>Assunto (*obrigat\u00f3rio)<br \/>\n    <span class=\"wpcf7-form-control-wrap your-subject\"><input type=\"text\" name=\"your-subject\" value=\"\" size=\"40\" class=\"wpcf7-form-control wpcf7-text\" aria-invalid=\"false\" \/><\/span> <\/p>\n<p>Mensagem e Telefone (*obrigat\u00f3rio)<br \/>\n    <span class=\"wpcf7-form-control-wrap your-message\"><textarea name=\"your-message\" cols=\"40\" rows=\"10\" class=\"wpcf7-form-control wpcf7-textarea\" aria-invalid=\"false\"><\/textarea><\/span> <\/p>\n<p><input type=\"submit\" value=\"Enviar\" class=\"wpcf7-form-control wpcf7-submit\" \/><\/p>\n<div class=\"wpcf7-response-output wpcf7-display-none\"><\/div><\/form><\/div><\/span><\/p>\n<p style=\"text-align: left;\">\n","protected":false},"excerpt":{"rendered":"<p>Precisa falar com a gente? &nbsp; Aqui \u00e9 o lugar certo para enviar\u00a0sugest\u00f5es, solucionar d\u00favidas e obter informa\u00e7\u00f5es sobre nossos produtos e servi\u00e7os. Veja nossos produtos e pe\u00e7a j\u00e1 o seu Or\u00e7amento,\u00a0marque uma visita\u00a0t\u00e9cnica gratuita com\u00a0dia e hora marcada que enviaremos\u00a0um t\u00e9cnico especializado at\u00e9 voc\u00ea, na sua empresa, condom\u00ednio\u00a0ou resid\u00eancia para avaliar\u00a0o melhor equipamento e [&hellip;]<\/p>\n","protected":false},"author":1,"featured_media":0,"parent":314,"menu_order":5,"comment_status":"closed","ping_status":"closed","template":"","meta":[],"_links":{"self":[{"href":"https:\/\/www.interpresstelecom.com.br\/index.php?rest_route=\/wp\/v2\/pages\/19"}],"collection":[{"href":"https:\/\/www.interpresstelecom.com.br\/index.php?rest_route=\/wp\/v2\/pages"}],"about":[{"href":"https:\/\/www.interpresstelecom.com.br\/index.php?rest_route=\/wp\/v2\/types\/page"}],"author":[{"embeddable":true,"href":"https:\/\/www.interpresstelecom.com.br\/index.php?rest_route=\/wp\/v2\/users\/1"}],"replies":[{"embeddable":true,"href":"https:\/\/www.interpresstelecom.com.br\/index.php?rest_route=%2Fwp%2Fv2%2Fcomments&post=19"}],"version-history":[{"count":78,"href":"https:\/\/www.interpresstelecom.com.br\/index.php?rest_route=\/wp\/v2\/pages\/19\/revisions"}],"predecessor-version":[{"id":990,"href":"https:\/\/www.interpresstelecom.com.br\/index.php?rest_route=\/wp\/v2\/pages\/19\/revisions\/990"}],"up":[{"embeddable":true,"href":"https:\/\/www.interpresstelecom.com.br\/index.php?rest_route=\/wp\/v2\/pages\/314"}],"wp:attachment":[{"href":"https:\/\/www.interpresstelecom.com.br\/index.php?rest_route=%2Fwp%2Fv2%2Fmedia&parent=19"}],"curies":[{"name":"wp","href":"https:\/\/api.w.org\/{rel}","templated":true}]}}