{"id":17,"date":"2017-06-01T13:00:35","date_gmt":"2017-06-01T16:00:35","guid":{"rendered":"http:\/\/interpresstelecom.com.br\/NewSiteIPT\/?page_id=17"},"modified":"2017-06-30T15:08:57","modified_gmt":"2017-06-30T18:08:57","slug":"servicos","status":"publish","type":"page","link":"https:\/\/www.interpresstelecom.com.br\/?page_id=17","title":{"rendered":""},"content":{"rendered":"<div class=\"fcbk_share\"><\/div><p style=\"text-align: center;\"><span style=\"color: #333333;\"><a href=\"http:\/\/www.interpresstelecom.com.br\/wp-content\/uploads\/2014\/07\/Fiat-Uno-empresa-lateral-e-frente-1a.jpg\"><img decoding=\"async\" loading=\"lazy\" class=\" wp-image-756 alignleft\" src=\"http:\/\/www.interpresstelecom.com.br\/wp-content\/uploads\/2014\/07\/Fiat-Uno-empresa-lateral-e-frente-1a.jpg\" alt=\"Fiat Uno empresa lateral e frente 1a\" width=\"579\" height=\"302\" srcset=\"https:\/\/www.interpresstelecom.com.br\/wp-content\/uploads\/2014\/07\/Fiat-Uno-empresa-lateral-e-frente-1a.jpg 652w, https:\/\/www.interpresstelecom.com.br\/wp-content\/uploads\/2014\/07\/Fiat-Uno-empresa-lateral-e-frente-1a-300x156.jpg 300w\" sizes=\"(max-width: 579px) 100vw, 579px\" \/><\/a>\u00a0\u00a0\u00a0\u00a0\u00a0 <\/span><\/p>\n<p style=\"text-align: center;\">\n<p style=\"text-align: center;\"><span style=\"color: #333333;\"><strong><em>&#8221; Somos uma empresa pronta a oferecer assist\u00eancia t\u00e9cnica em todos os equipamentos <\/em><\/strong><\/span><span style=\"color: #333333;\"><strong><em>nos seguimentos de Seguran\u00e7a Eletr\u00f4nica, Telefonia, Controle de Acesso e Inform\u00e1tica. Dispomos\u00a0de uma equipe t\u00e9cnica altamente qualificada e equipada, com maior mobilidade e agilidade nos atendimentos, com alta disciplina\u00a0e \u00e9tica\u00a0no cumprimento das fun\u00e7\u00f5es. &#8220;<\/em><\/strong><\/span><\/p>\n<p style=\"text-align: center;\"><span style=\"color: #333333;\">\u00a0\u00a0<\/span><\/p>\n<p>&nbsp;<\/p>\n<h4 style=\"text-align: center;\"><\/h4>\n<p>&nbsp;<\/p>\n<h4 style=\"text-align: center;\"><\/h4>\n<h4 style=\"text-align: center;\"><span style=\"color: #333333;\"><strong>\u00a0<\/strong>Atuamos com os Servi\u00e7os de\u00a0<strong>INSTALA\u00c7\u00c3O,\u00a0MANUTEN\u00c7\u00c3O e\u00a0CONSERTO.<\/strong><\/span><\/h4>\n<p style=\"text-align: justify;\"><span style=\"color: #333333;\">\u00a0\u00a0\u00a0\u00a0\u00a0 Com o objetivo de atender nossos clientes com respeito, dignidade e um servi\u00e7o de qualidade, investimos em atualiza\u00e7\u00f5es anuais com cursos e muitas reuni\u00f5es internas para buscar sempre o melhor para todos, o bem estar e satisfa\u00e7\u00e3o de nossos clientes, a tranquilidade de nossos t\u00e9cnicos e o bom funcionamento dos equipamentos instalados mediante as manuten\u00e7\u00f5es peri\u00f3dicas.<\/span><\/p>\n<p><span style=\"color: #333333;\"><strong>\u00a0\u00a0\u00a0\u00a0\u00bb \u00a0<\/strong><strong>INSTALA\u00c7\u00c3O<\/strong>:\u00a0 Instalamos todos os equipamentos na \u00e1rea de <em>Seguran\u00e7a Eletr\u00f4nica <\/em>&#8211; C\u00e2meras IP, Alarmes,\u00a0Telefonia, Controle de Acesso, Cerca el\u00e9tricas, Imagens HD, Computadores, Portas e Port\u00f5es Autom\u00e1ticos, Antena Coletiva Digital\u00a0e Automa\u00e7\u00e3o Comercial.<\/span><\/p>\n<ul style=\"text-align: justify;\">\n<li><span style=\"color: #333333;\"><strong>Rede:<\/strong> Instalamos rede interna, externa e estruturada para c\u00e2meras e Alarmes, telefonia empresarial (PABX) de grande ou pequeno porte, telefonia condominial (PAX),\u00a0rede cabeada\u00a0e wireless\/wi-fi para desktop, laptop, celulares e impressoras.<\/span><\/li>\n<li><span style=\"color: #333333;\"><strong>Programa\u00e7\u00e3o:<\/strong> DVR (Stand Alone), Rede IP, Modem, Roteador, Computadores, Impressoras, \u00a0Softwares, link`s, Blog e Sites.<\/span><\/li>\n<li><span style=\"color: #333333;\"><strong>Serralheria:<\/strong> Confeccionamos Portas, Port\u00f5es, Grades e\u00a0Guarda Corpo. (Tudo em A\u00e7o Inox, Vidro Laminado, Alum\u00ednio e Ferro)<\/span><\/li>\n<\/ul>\n<p>&nbsp;<\/p>\n<p><span style=\"color: #333333;\"><strong>\u00a0\u00a0\u00a0\u00a0\u00bb\u00a0 \u00a0<\/strong><strong>MANUTEN\u00c7\u00c3O<\/strong>: Disponibilizamos para todos os clientes um pacote de manuten\u00e7\u00f5es <strong>Preventivas<\/strong> e <strong>Corretivas<\/strong>, de acordo com o tipo e tamanho de seu equipamento instalado.<\/span><\/p>\n<ul style=\"text-align: justify;\">\n<li><span style=\"color: #333333;\"><strong>Monitoramento 24h:<\/strong>\u00a0Monitoramos C\u00e2meras,\u00a0Alarmes, Cercas El\u00e9tricas e Backup de imagens por 24 horas.<\/span><\/li>\n<\/ul>\n<p style=\"text-align: center;\"><span style=\"color: #333333;\">(<a title=\"CONTATO\" href=\"http:\/\/interpresstelecom.com.br\/?page_id=19\"><span style=\"text-decoration: underline;\">Entre em contato conosco e pe\u00e7a j\u00e1 o seu Contrato de Manuten\u00e7\u00e3o e Monitoramento<\/span><\/a>)<\/span><\/p>\n<p><span style=\"color: #333333;\"><strong>\u00a0<\/strong><\/span><\/p>\n<p style=\"text-align: justify;\"><span style=\"color: #333333;\"><strong>\u00a0\u00a0\u00a0\u00a0\u00bb\u00a0 <\/strong><strong>CONSERTO<\/strong>: Todos os equipamentos com defeito \u00e9 levado ao laborat\u00f3rio da pr\u00f3pria empresa para ser avaliado e se necess\u00e1rio efetuar a troca de pe\u00e7as para conclus\u00e3o do conserto e seu funcionamento normal.<\/span><\/p>\n<ul style=\"text-align: justify;\">\n<li><span style=\"color: #333333;\"><strong>Laborat\u00f3rio:<\/strong>\u00a0O equipamento que estiver dentro da garantia\u00a0de venda\u00a0n\u00e3o ter\u00e1\u00a0cobran\u00e7a por\u00a0pe\u00e7as trocadas e m\u00e3o de obra retornando a sua garantia\u00a0dentro do prazo normal, j\u00e1 o equipamento que d\u00e1 entrada na ordem de servi\u00e7o fora do prazo de garantia ou comprado fora, ter\u00e1 seu or\u00e7amento\u00a0em 3 dias \u00fateis constando de pe\u00e7as e m\u00e3o de obra e sair\u00e1 do laborat\u00f3rio com uma garantia de 3 meses.<\/span><\/li>\n<\/ul>\n<p style=\"text-align: justify;\"><span style=\"color: #333333;\">Feche seu Or\u00e7amento ou Contrato de Manuten\u00e7\u00e3o com a\u00a0<strong>INTERPRESS<\/strong> e ganhe descontos como cliente preferencial.<\/span><\/p>\n","protected":false},"excerpt":{"rendered":"<p>\u00a0\u00a0\u00a0\u00a0\u00a0 &#8221; Somos uma empresa pronta a oferecer assist\u00eancia t\u00e9cnica em todos os equipamentos nos seguimentos de Seguran\u00e7a Eletr\u00f4nica, Telefonia, Controle de Acesso e Inform\u00e1tica. Dispomos\u00a0de uma equipe t\u00e9cnica altamente qualificada e equipada, com maior mobilidade e agilidade nos atendimentos, com alta disciplina\u00a0e \u00e9tica\u00a0no cumprimento das fun\u00e7\u00f5es. &#8220; \u00a0\u00a0 &nbsp; &nbsp; \u00a0Atuamos com os Servi\u00e7os [&hellip;]<\/p>\n","protected":false},"author":1,"featured_media":0,"parent":0,"menu_order":4,"comment_status":"closed","ping_status":"closed","template":"","meta":[],"_links":{"self":[{"href":"https:\/\/www.interpresstelecom.com.br\/index.php?rest_route=\/wp\/v2\/pages\/17"}],"collection":[{"href":"https:\/\/www.interpresstelecom.com.br\/index.php?rest_route=\/wp\/v2\/pages"}],"about":[{"href":"https:\/\/www.interpresstelecom.com.br\/index.php?rest_route=\/wp\/v2\/types\/page"}],"author":[{"embeddable":true,"href":"https:\/\/www.interpresstelecom.com.br\/index.php?rest_route=\/wp\/v2\/users\/1"}],"replies":[{"embeddable":true,"href":"https:\/\/www.interpresstelecom.com.br\/index.php?rest_route=%2Fwp%2Fv2%2Fcomments&post=17"}],"version-history":[{"count":71,"href":"https:\/\/www.interpresstelecom.com.br\/index.php?rest_route=\/wp\/v2\/pages\/17\/revisions"}],"predecessor-version":[{"id":874,"href":"https:\/\/www.interpresstelecom.com.br\/index.php?rest_route=\/wp\/v2\/pages\/17\/revisions\/874"}],"wp:attachment":[{"href":"https:\/\/www.interpresstelecom.com.br\/index.php?rest_route=%2Fwp%2Fv2%2Fmedia&parent=17"}],"curies":[{"name":"wp","href":"https:\/\/api.w.org\/{rel}","templated":true}]}}