{"id":15,"date":"2017-06-01T13:00:13","date_gmt":"2017-06-01T16:00:13","guid":{"rendered":"http:\/\/interpresstelecom.com.br\/NewSiteIPT\/?page_id=15"},"modified":"2021-04-13T22:41:08","modified_gmt":"2021-04-14T01:41:08","slug":"produtos","status":"publish","type":"page","link":"https:\/\/www.interpresstelecom.com.br\/?page_id=15","title":{"rendered":""},"content":{"rendered":"<div class=\"fcbk_share\"><\/div><h4 style=\"text-align: center;\" data-wpview-pad=\"1\"><strong>&#8221; Conforto, Inova\u00e7\u00e3o, Variedade\u00a0com\u00a0Tecnologia e Qualidade\u00a0&#8220;<\/strong><\/h4>\n<h4 style=\"text-align: center;\" data-wpview-pad=\"1\"><strong>Nossos produtos fazem mais pela sua Empresa, sua loja e seu Condom\u00ednio.<\/strong><\/h4>\n<p style=\"text-align: center;\">Clique no produto desejado abaixo e saiba mais como adquirir cada servi\u00e7o conosco.<\/p>\n\n\t\t<style type=\"text\/css\">\n\t\t\t#gallery-1 {\n\t\t\t\tmargin: auto;\n\t\t\t}\n\t\t\t#gallery-1 .gallery-item {\n\t\t\t\tfloat: left;\n\t\t\t\tmargin-top: 10px;\n\t\t\t\ttext-align: center;\n\t\t\t\twidth: 33%;\n\t\t\t}\n\t\t\t#gallery-1 img {\n\t\t\t\tborder: 2px solid #cfcfcf;\n\t\t\t}\n\t\t\t#gallery-1 .gallery-caption {\n\t\t\t\tmargin-left: 0;\n\t\t\t}\n\t\t\t\/* see gallery_shortcode() in wp-includes\/media.php *\/\n\t\t<\/style>\n\t\t<div id='gallery-1' class='gallery galleryid-15 gallery-columns-3 gallery-size-thumbnail'><dl class='gallery-item'>\n\t\t\t<dt class='gallery-icon landscape'>\n\t\t\t\t<a href='https:\/\/www.interpresstelecom.com.br\/?attachment_id=900'><img width=\"150\" height=\"150\" src=\"https:\/\/www.interpresstelecom.com.br\/wp-content\/uploads\/2018\/02\/CFTV-3-150x150.jpg\" class=\"attachment-thumbnail size-thumbnail\" alt=\"\" decoding=\"async\" loading=\"lazy\" aria-describedby=\"gallery-1-900\" \/><\/a>\n\t\t\t<\/dt>\n\t\t\t\t<dd class='wp-caption-text gallery-caption' id='gallery-1-900'>\n\t\t\t\tC\u00e2meras de Seguran\u00e7a\n\t\t\t\t<\/dd><\/dl><dl class='gallery-item'>\n\t\t\t<dt class='gallery-icon portrait'>\n\t\t\t\t<a href='https:\/\/www.interpresstelecom.com.br\/?attachment_id=973'><img width=\"150\" height=\"150\" src=\"https:\/\/www.interpresstelecom.com.br\/wp-content\/uploads\/2019\/10\/monitoramento-veicular-03-150x150.jpg\" class=\"attachment-thumbnail size-thumbnail\" alt=\"\" decoding=\"async\" loading=\"lazy\" aria-describedby=\"gallery-1-973\" \/><\/a>\n\t\t\t<\/dt>\n\t\t\t\t<dd class='wp-caption-text gallery-caption' id='gallery-1-973'>\n\t\t\t\tMonitoramento Veicular 24H\n\t\t\t\t<\/dd><\/dl><dl class='gallery-item'>\n\t\t\t<dt class='gallery-icon landscape'>\n\t\t\t\t<a href='https:\/\/www.interpresstelecom.com.br\/?attachment_id=787'><img width=\"150\" height=\"150\" src=\"https:\/\/www.interpresstelecom.com.br\/wp-content\/uploads\/2016\/01\/Alarme-e-Cerca-03-150x150.jpg\" class=\"attachment-thumbnail size-thumbnail\" alt=\"\" decoding=\"async\" loading=\"lazy\" aria-describedby=\"gallery-1-787\" srcset=\"https:\/\/www.interpresstelecom.com.br\/wp-content\/uploads\/2016\/01\/Alarme-e-Cerca-03-150x150.jpg 150w, https:\/\/www.interpresstelecom.com.br\/wp-content\/uploads\/2016\/01\/Alarme-e-Cerca-03-300x300.jpg 300w, https:\/\/www.interpresstelecom.com.br\/wp-content\/uploads\/2016\/01\/Alarme-e-Cerca-03.jpg 482w\" sizes=\"(max-width: 150px) 100vw, 150px\" \/><\/a>\n\t\t\t<\/dt>\n\t\t\t\t<dd class='wp-caption-text gallery-caption' id='gallery-1-787'>\n\t\t\t\tAlarme e Cerca El\u00e9trica\n\t\t\t\t<\/dd><\/dl><br style=\"clear: both\" \/><dl class='gallery-item'>\n\t\t\t<dt class='gallery-icon portrait'>\n\t\t\t\t<a href='https:\/\/www.interpresstelecom.com.br\/?attachment_id=782'><img width=\"150\" height=\"150\" src=\"https:\/\/www.interpresstelecom.com.br\/wp-content\/uploads\/2016\/01\/Centrais-PABX-02-150x150.jpg\" class=\"attachment-thumbnail size-thumbnail\" alt=\"\" decoding=\"async\" loading=\"lazy\" aria-describedby=\"gallery-1-782\" \/><\/a>\n\t\t\t<\/dt>\n\t\t\t\t<dd class='wp-caption-text gallery-caption' id='gallery-1-782'>\n\t\t\t\tCentrais PABX, Ramais, VOIP, e Telemarketing\n\t\t\t\t<\/dd><\/dl><dl class='gallery-item'>\n\t\t\t<dt class='gallery-icon landscape'>\n\t\t\t\t<a href='https:\/\/www.interpresstelecom.com.br\/?attachment_id=785'><img width=\"150\" height=\"150\" src=\"https:\/\/www.interpresstelecom.com.br\/wp-content\/uploads\/2016\/01\/Centrais-PAX-150x150.jpg\" class=\"attachment-thumbnail size-thumbnail\" alt=\"\" decoding=\"async\" loading=\"lazy\" aria-describedby=\"gallery-1-785\" srcset=\"https:\/\/www.interpresstelecom.com.br\/wp-content\/uploads\/2016\/01\/Centrais-PAX-150x150.jpg 150w, https:\/\/www.interpresstelecom.com.br\/wp-content\/uploads\/2016\/01\/Centrais-PAX-300x300.jpg 300w, https:\/\/www.interpresstelecom.com.br\/wp-content\/uploads\/2016\/01\/Centrais-PAX.jpg 482w\" sizes=\"(max-width: 150px) 100vw, 150px\" \/><\/a>\n\t\t\t<\/dt>\n\t\t\t\t<dd class='wp-caption-text gallery-caption' id='gallery-1-785'>\n\t\t\t\tCentrais PAX e Interfone Predial\n\t\t\t\t<\/dd><\/dl><dl class='gallery-item'>\n\t\t\t<dt class='gallery-icon portrait'>\n\t\t\t\t<a href='https:\/\/www.interpresstelecom.com.br\/?attachment_id=294'><img width=\"150\" height=\"150\" src=\"https:\/\/www.interpresstelecom.com.br\/wp-content\/uploads\/2014\/07\/Antena-Coletiva-150x150.png\" class=\"attachment-thumbnail size-thumbnail\" alt=\"\" decoding=\"async\" loading=\"lazy\" aria-describedby=\"gallery-1-294\" \/><\/a>\n\t\t\t<\/dt>\n\t\t\t\t<dd class='wp-caption-text gallery-caption' id='gallery-1-294'>\n\t\t\t\tAntena Coletiva Digital e Celular\n\t\t\t\t<\/dd><\/dl><br style=\"clear: both\" \/><dl class='gallery-item'>\n\t\t\t<dt class='gallery-icon landscape'>\n\t\t\t\t<a href='https:\/\/www.interpresstelecom.com.br\/?attachment_id=789'><img width=\"150\" height=\"150\" src=\"https:\/\/www.interpresstelecom.com.br\/wp-content\/uploads\/2016\/01\/Controle-de-Acesso-02-150x150.jpg\" class=\"attachment-thumbnail size-thumbnail\" alt=\"\" decoding=\"async\" loading=\"lazy\" aria-describedby=\"gallery-1-789\" srcset=\"https:\/\/www.interpresstelecom.com.br\/wp-content\/uploads\/2016\/01\/Controle-de-Acesso-02-150x150.jpg 150w, https:\/\/www.interpresstelecom.com.br\/wp-content\/uploads\/2016\/01\/Controle-de-Acesso-02-300x300.jpg 300w, https:\/\/www.interpresstelecom.com.br\/wp-content\/uploads\/2016\/01\/Controle-de-Acesso-02.jpg 482w\" sizes=\"(max-width: 150px) 100vw, 150px\" \/><\/a>\n\t\t\t<\/dt>\n\t\t\t\t<dd class='wp-caption-text gallery-caption' id='gallery-1-789'>\n\t\t\t\tRel\u00f3gio de Ponto e Controle de Acesso Biom\u00e9trico\n\t\t\t\t<\/dd><\/dl><dl class='gallery-item'>\n\t\t\t<dt class='gallery-icon portrait'>\n\t\t\t\t<a href='https:\/\/www.interpresstelecom.com.br\/?attachment_id=965'><img width=\"150\" height=\"150\" src=\"https:\/\/www.interpresstelecom.com.br\/wp-content\/uploads\/2019\/10\/PPA-150x150.jpg\" class=\"attachment-thumbnail size-thumbnail\" alt=\"\" decoding=\"async\" loading=\"lazy\" aria-describedby=\"gallery-1-965\" \/><\/a>\n\t\t\t<\/dt>\n\t\t\t\t<dd class='wp-caption-text gallery-caption' id='gallery-1-965'>\n\t\t\t\tMotores para Portas, Port\u00f5es e Cancelas\n\t\t\t\t<\/dd><\/dl><dl class='gallery-item'>\n\t\t\t<dt class='gallery-icon portrait'>\n\t\t\t\t<a href='https:\/\/www.interpresstelecom.com.br\/?attachment_id=966'><img width=\"150\" height=\"150\" src=\"https:\/\/www.interpresstelecom.com.br\/wp-content\/uploads\/2019\/10\/Sistema-TAG-150x150.jpg\" class=\"attachment-thumbnail size-thumbnail\" alt=\"\" decoding=\"async\" loading=\"lazy\" aria-describedby=\"gallery-1-966\" \/><\/a>\n\t\t\t<\/dt>\n\t\t\t\t<dd class='wp-caption-text gallery-caption' id='gallery-1-966'>\n\t\t\t\tSistema TAG Via F\u00e1cil\n\t\t\t\t<\/dd><\/dl><br style=\"clear: both\" \/><dl class='gallery-item'>\n\t\t\t<dt class='gallery-icon landscape'>\n\t\t\t\t<a href='https:\/\/www.interpresstelecom.com.br\/?attachment_id=967'><img width=\"150\" height=\"150\" src=\"https:\/\/www.interpresstelecom.com.br\/wp-content\/uploads\/2019\/10\/Web-150x150.jpg\" class=\"attachment-thumbnail size-thumbnail\" alt=\"\" decoding=\"async\" loading=\"lazy\" aria-describedby=\"gallery-1-967\" \/><\/a>\n\t\t\t<\/dt>\n\t\t\t\t<dd class='wp-caption-text gallery-caption' id='gallery-1-967'>\n\t\t\t\tConstrua seu Site Conosco\n\t\t\t\t<\/dd><\/dl><dl class='gallery-item'>\n\t\t\t<dt class='gallery-icon landscape'>\n\t\t\t\t<a href='https:\/\/www.interpresstelecom.com.br\/?attachment_id=908'><img width=\"150\" height=\"150\" src=\"https:\/\/www.interpresstelecom.com.br\/wp-content\/uploads\/2019\/05\/GO-2-Sistemas-150x150.jpg\" class=\"attachment-thumbnail size-thumbnail\" alt=\"\" decoding=\"async\" loading=\"lazy\" aria-describedby=\"gallery-1-908\" \/><\/a>\n\t\t\t<\/dt>\n\t\t\t\t<dd class='wp-caption-text gallery-caption' id='gallery-1-908'>\n\t\t\t\tAutoma\u00e7\u00e3o Comercial\n\t\t\t\t<\/dd><\/dl><dl class='gallery-item'>\n\t\t\t<dt class='gallery-icon landscape'>\n\t\t\t\t<a href='https:\/\/www.interpresstelecom.com.br\/?attachment_id=979'><img width=\"150\" height=\"150\" src=\"https:\/\/www.interpresstelecom.com.br\/wp-content\/uploads\/2021\/04\/foto-da-logo-150x150.png\" class=\"attachment-thumbnail size-thumbnail\" alt=\"Energia Solar - A Solu\u00e7\u00e3o Come\u00e7a Aqui\" decoding=\"async\" loading=\"lazy\" aria-describedby=\"gallery-1-979\" srcset=\"https:\/\/www.interpresstelecom.com.br\/wp-content\/uploads\/2021\/04\/foto-da-logo-150x150.png 150w, https:\/\/www.interpresstelecom.com.br\/wp-content\/uploads\/2021\/04\/foto-da-logo-300x300.png 300w, https:\/\/www.interpresstelecom.com.br\/wp-content\/uploads\/2021\/04\/foto-da-logo-768x768.png 768w, https:\/\/www.interpresstelecom.com.br\/wp-content\/uploads\/2021\/04\/foto-da-logo.png 866w\" sizes=\"(max-width: 150px) 100vw, 150px\" \/><\/a>\n\t\t\t<\/dt>\n\t\t\t\t<dd class='wp-caption-text gallery-caption' id='gallery-1-979'>\n\t\t\t\tEnergia Solar &#8211; A Solu\u00e7\u00e3o Come\u00e7a Aqui\n\t\t\t\t<\/dd><\/dl><br style=\"clear: both\" \/>\n\t\t<\/div>\n\n","protected":false},"excerpt":{"rendered":"<p>&#8221; Conforto, Inova\u00e7\u00e3o, Variedade\u00a0com\u00a0Tecnologia e Qualidade\u00a0&#8220; Nossos produtos fazem mais pela sua Empresa, sua loja e seu Condom\u00ednio. Clique no produto desejado abaixo e saiba mais como adquirir cada servi\u00e7o conosco.<\/p>\n","protected":false},"author":1,"featured_media":0,"parent":0,"menu_order":2,"comment_status":"closed","ping_status":"closed","template":"","meta":[],"_links":{"self":[{"href":"https:\/\/www.interpresstelecom.com.br\/index.php?rest_route=\/wp\/v2\/pages\/15"}],"collection":[{"href":"https:\/\/www.interpresstelecom.com.br\/index.php?rest_route=\/wp\/v2\/pages"}],"about":[{"href":"https:\/\/www.interpresstelecom.com.br\/index.php?rest_route=\/wp\/v2\/types\/page"}],"author":[{"embeddable":true,"href":"https:\/\/www.interpresstelecom.com.br\/index.php?rest_route=\/wp\/v2\/users\/1"}],"replies":[{"embeddable":true,"href":"https:\/\/www.interpresstelecom.com.br\/index.php?rest_route=%2Fwp%2Fv2%2Fcomments&post=15"}],"version-history":[{"count":62,"href":"https:\/\/www.interpresstelecom.com.br\/index.php?rest_route=\/wp\/v2\/pages\/15\/revisions"}],"predecessor-version":[{"id":980,"href":"https:\/\/www.interpresstelecom.com.br\/index.php?rest_route=\/wp\/v2\/pages\/15\/revisions\/980"}],"wp:attachment":[{"href":"https:\/\/www.interpresstelecom.com.br\/index.php?rest_route=%2Fwp%2Fv2%2Fmedia&parent=15"}],"curies":[{"name":"wp","href":"https:\/\/api.w.org\/{rel}","templated":true}]}}